{"id":15,"date":"2015-10-17T22:36:04","date_gmt":"2015-10-17T22:36:04","guid":{"rendered":"http:\/\/bizizgida.com\/?page_id=15"},"modified":"2024-03-01T09:37:41","modified_gmt":"2024-03-01T09:37:41","slug":"hakkimizda","status":"publish","type":"page","link":"https:\/\/bizizgida.com\/?page_id=15","title":{"rendered":"Hakk\u0131m\u0131zda"},"content":{"rendered":"\t\t<div data-elementor-type=\"wp-page\" data-elementor-id=\"15\" class=\"elementor elementor-15\" data-elementor-post-type=\"page\">\n\t\t\t\t<div class=\"elementor-element elementor-element-24fe4e0 e-flex e-con-boxed e-con e-parent\" data-id=\"24fe4e0\" data-element_type=\"container\" data-settings=\"{&quot;container_type&quot;:&quot;flex&quot;,&quot;content_width&quot;:&quot;boxed&quot;}\" data-core-v316-plus=\"true\">\n\t\t\t\t\t<div class=\"e-con-inner\">\n\t\t\t\t\t<\/div>\n\t\t\t\t<\/div>\n\t\t<div class=\"elementor-element elementor-element-ccd3ef1 e-flex e-con-boxed e-con e-parent\" data-id=\"ccd3ef1\" data-element_type=\"container\" data-settings=\"{&quot;container_type&quot;:&quot;flex&quot;,&quot;content_width&quot;:&quot;boxed&quot;}\" data-core-v316-plus=\"true\">\n\t\t\t\t\t<div class=\"e-con-inner\">\n\t\t\t\t<div class=\"elementor-element elementor-element-0c71af5 elementor-widget elementor-widget-image\" data-id=\"0c71af5\" data-element_type=\"widget\" data-widget_type=\"image.default\">\n\t\t\t\t<div class=\"elementor-widget-container\">\n\t\t\t<style>\/*! elementor - v3.19.0 - 28-02-2024 *\/\n.elementor-widget-image{text-align:center}.elementor-widget-image a{display:inline-block}.elementor-widget-image a img[src$=\".svg\"]{width:48px}.elementor-widget-image img{vertical-align:middle;display:inline-block}<\/style>\t\t\t\t\t\t\t\t\t\t<img fetchpriority=\"high\" decoding=\"async\" width=\"800\" height=\"450\" src=\"https:\/\/bizizgida.com\/wp-content\/uploads\/2020\/01\/20150824_153947-1024x576.png\" class=\"attachment-large size-large wp-image-189\" alt=\"\" srcset=\"https:\/\/bizizgida.com\/wp-content\/uploads\/2020\/01\/20150824_153947-1024x576.png 1024w, https:\/\/bizizgida.com\/wp-content\/uploads\/2020\/01\/20150824_153947-300x169.png 300w, https:\/\/bizizgida.com\/wp-content\/uploads\/2020\/01\/20150824_153947-768x432.png 768w, https:\/\/bizizgida.com\/wp-content\/uploads\/2020\/01\/20150824_153947.png 1500w\" sizes=\"(max-width: 800px) 100vw, 800px\" \/>\t\t\t\t\t\t\t\t\t\t\t\t\t<\/div>\n\t\t\t\t<\/div>\n\t\t\t\t<div class=\"elementor-element elementor-element-b0191cf elementor-widget elementor-widget-text-editor\" data-id=\"b0191cf\" data-element_type=\"widget\" data-widget_type=\"text-editor.default\">\n\t\t\t\t<div class=\"elementor-widget-container\">\n\t\t\t<style>\/*! elementor - v3.19.0 - 28-02-2024 *\/\n.elementor-widget-text-editor.elementor-drop-cap-view-stacked .elementor-drop-cap{background-color:#69727d;color:#fff}.elementor-widget-text-editor.elementor-drop-cap-view-framed .elementor-drop-cap{color:#69727d;border:3px solid;background-color:transparent}.elementor-widget-text-editor:not(.elementor-drop-cap-view-default) .elementor-drop-cap{margin-top:8px}.elementor-widget-text-editor:not(.elementor-drop-cap-view-default) .elementor-drop-cap-letter{width:1em;height:1em}.elementor-widget-text-editor .elementor-drop-cap{float:left;text-align:center;line-height:1;font-size:50px}.elementor-widget-text-editor .elementor-drop-cap-letter{display:inline-block}<\/style>\t\t\t\t<p class=\"title cufon\">2006 y\u0131l\u0131nda kurulan Biziz G\u0131da <strong>Mustafa AVCI<\/strong> &#8216; n\u0131n b\u00fcy\u00fck emekleriyle 4 ayda \u00fcretime ba\u015flad\u0131. &#8220;<strong>Biziz G\u0131da asl\u0131nda bir de\u011firmen<\/strong>&#8221; diyor Mustafa AVCI. Zeytinliklerin yerinde bu\u011fday tarlalar\u0131 varken un de\u011firmeni i\u015fletirlermi\u015f. \u015eimdi ise zeytin de\u011firmeni. G\u0131da \u00fcretiminde<strong> tecr\u00fcbe neredeyse 1 as\u0131r<\/strong> anlayaca\u011f\u0131n\u0131z ve bu de\u011firmen her ge\u00e7en g\u00fcn b\u00fcy\u00fcyor, geli\u015fiyor. En iyi hizmeti vererek <strong>en iyi zeytinya\u011f\u0131n\u0131<\/strong> sizlere sunmak i\u00e7in \u00e7al\u0131\u015f\u0131yor.<\/p>\t\t\t\t\t\t<\/div>\n\t\t\t\t<\/div>\n\t\t\t\t\t<\/div>\n\t\t\t\t<\/div>\n\t\t<div class=\"elementor-element elementor-element-cdd99b8 e-flex e-con-boxed e-con e-parent\" data-id=\"cdd99b8\" data-element_type=\"container\" data-settings=\"{&quot;container_type&quot;:&quot;flex&quot;,&quot;content_width&quot;:&quot;boxed&quot;}\" data-core-v316-plus=\"true\">\n\t\t\t\t\t<div class=\"e-con-inner\">\n\t\t<div class=\"elementor-element elementor-element-077cd0f e-con-full e-flex e-con e-child\" data-id=\"077cd0f\" data-element_type=\"container\" data-settings=\"{&quot;content_width&quot;:&quot;full&quot;,&quot;container_type&quot;:&quot;flex&quot;}\">\n\t\t\t\t<div class=\"elementor-element elementor-element-495ad1f elementor-widget elementor-widget-heading\" data-id=\"495ad1f\" data-element_type=\"widget\" data-widget_type=\"heading.default\">\n\t\t\t\t<div class=\"elementor-widget-container\">\n\t\t\t<style>\/*! elementor - v3.19.0 - 28-02-2024 *\/\n.elementor-heading-title{padding:0;margin:0;line-height:1}.elementor-widget-heading .elementor-heading-title[class*=elementor-size-]>a{color:inherit;font-size:inherit;line-height:inherit}.elementor-widget-heading .elementor-heading-title.elementor-size-small{font-size:15px}.elementor-widget-heading .elementor-heading-title.elementor-size-medium{font-size:19px}.elementor-widget-heading .elementor-heading-title.elementor-size-large{font-size:29px}.elementor-widget-heading .elementor-heading-title.elementor-size-xl{font-size:39px}.elementor-widget-heading .elementor-heading-title.elementor-size-xxl{font-size:59px}<\/style><h5 class=\"elementor-heading-title elementor-size-default\">V\u0130ZYON & M\u0130SYON<\/h5>\t\t<\/div>\n\t\t\t\t<\/div>\n\t\t\t\t<div class=\"elementor-element elementor-element-dac8423 elementor-widget elementor-widget-text-editor\" data-id=\"dac8423\" data-element_type=\"widget\" data-widget_type=\"text-editor.default\">\n\t\t\t\t<div class=\"elementor-widget-container\">\n\t\t\t\t\t\t\t<p><strong>Biziz G\u0131da ve Sanayi Limited \u015eirketi;<\/strong> Geli\u015fen teknolojiyi her zaman odak noktas\u0131 alm\u0131\u015f ve almaya devam etmektedir.<\/p><p>T\u00fcketicilerin talebine g\u00f6re hijyen ve sa\u011fl\u0131k standartlar\u0131n\u0131 \u00f6n plana alarak \u00fcretim yapmaktad\u0131r. Temel hedefimiz en kaliteli \u00fcr\u00fcn\u00fc en uygun fiyata \u00fcreterek t\u00fcketicilerimize sunmakt\u0131r.<\/p>\t\t\t\t\t\t<\/div>\n\t\t\t\t<\/div>\n\t\t\t\t<\/div>\n\t\t<div class=\"elementor-element elementor-element-aa290ec e-con-full e-flex e-con e-child\" data-id=\"aa290ec\" data-element_type=\"container\" data-settings=\"{&quot;content_width&quot;:&quot;full&quot;,&quot;container_type&quot;:&quot;flex&quot;}\">\n\t\t\t\t<div class=\"elementor-element elementor-element-ce04ce6 elementor-widget elementor-widget-heading\" data-id=\"ce04ce6\" data-element_type=\"widget\" data-widget_type=\"heading.default\">\n\t\t\t\t<div class=\"elementor-widget-container\">\n\t\t\t<h5 class=\"elementor-heading-title elementor-size-default\">\u00dcRET\u0130M<\/h5>\t\t<\/div>\n\t\t\t\t<\/div>\n\t\t\t\t<div class=\"elementor-element elementor-element-8cb0caa elementor-widget elementor-widget-text-editor\" data-id=\"8cb0caa\" data-element_type=\"widget\" data-widget_type=\"text-editor.default\">\n\t\t\t\t<div class=\"elementor-widget-container\">\n\t\t\t\t\t\t\t<p>Biziz G\u0131da \u00fcretim tesisi Bursa ili Mudanya il\u00e7esinde bulunmaktad\u0131r. 29.000 metrekare \u00fczerinde 2.000 metrekare kapal\u0131 alanda Avrupa Birli\u011fi standartlar\u0131na uygun olarak \u00fcretim yapmaktay\u0131z.<\/p><div class=\"lineheight\"><p>Hijyen ve sa\u011fl\u0131k standartlar\u0131n\u0131 \u00f6n palanda tutarak \u00fclkemizin en tecr\u00fcbeli ustalar\u0131ndan kurulu kadromuz ile \u00fcretime devam etmekteyiz.<\/p><\/div>\t\t\t\t\t\t<\/div>\n\t\t\t\t<\/div>\n\t\t\t\t<\/div>\n\t\t\t\t\t<\/div>\n\t\t\t\t<\/div>\n\t\t<div class=\"elementor-element elementor-element-14df041 e-flex e-con-boxed e-con e-parent\" data-id=\"14df041\" data-element_type=\"container\" data-settings=\"{&quot;container_type&quot;:&quot;flex&quot;,&quot;content_width&quot;:&quot;boxed&quot;}\" data-core-v316-plus=\"true\">\n\t\t\t\t\t<div class=\"e-con-inner\">\n\t\t\t\t\t<\/div>\n\t\t\t\t<\/div>\n\t\t\t\t<\/div>\n\t\t","protected":false},"excerpt":{"rendered":"<p>2006 y\u0131l\u0131nda kurulan Biziz G\u0131da Mustafa AVCI &#8216; n\u0131n b\u00fcy\u00fck emekleriyle 4 ayda \u00fcretime ba\u015flad\u0131. &#8220;Biziz G\u0131da asl\u0131nda bir de\u011firmen&#8221; diyor Mustafa AVCI. Zeytinliklerin yerinde bu\u011fday tarlalar\u0131 varken un de\u011firmeni i\u015fletirlermi\u015f. \u015eimdi ise zeytin de\u011firmeni. G\u0131da \u00fcretiminde tecr\u00fcbe neredeyse 1 as\u0131r anlayaca\u011f\u0131n\u0131z ve bu de\u011firmen her ge\u00e7en g\u00fcn b\u00fcy\u00fcyor, geli\u015fiyor. En iyi hizmeti vererek en [&hellip;]<\/p>\n","protected":false},"author":1,"featured_media":0,"parent":0,"menu_order":0,"comment_status":"closed","ping_status":"closed","template":"","meta":{"footnotes":""},"_links":{"self":[{"href":"https:\/\/bizizgida.com\/index.php?rest_route=\/wp\/v2\/pages\/15"}],"collection":[{"href":"https:\/\/bizizgida.com\/index.php?rest_route=\/wp\/v2\/pages"}],"about":[{"href":"https:\/\/bizizgida.com\/index.php?rest_route=\/wp\/v2\/types\/page"}],"author":[{"embeddable":true,"href":"https:\/\/bizizgida.com\/index.php?rest_route=\/wp\/v2\/users\/1"}],"replies":[{"embeddable":true,"href":"https:\/\/bizizgida.com\/index.php?rest_route=%2Fwp%2Fv2%2Fcomments&post=15"}],"version-history":[{"count":17,"href":"https:\/\/bizizgida.com\/index.php?rest_route=\/wp\/v2\/pages\/15\/revisions"}],"predecessor-version":[{"id":1213,"href":"https:\/\/bizizgida.com\/index.php?rest_route=\/wp\/v2\/pages\/15\/revisions\/1213"}],"wp:attachment":[{"href":"https:\/\/bizizgida.com\/index.php?rest_route=%2Fwp%2Fv2%2Fmedia&parent=15"}],"curies":[{"name":"wp","href":"https:\/\/api.w.org\/{rel}","templated":true}]}}